{"id":34,"date":"2022-10-10T17:07:58","date_gmt":"2022-10-10T17:07:58","guid":{"rendered":"http:\/\/albertocaneda.com\/?page_id=34"},"modified":"2025-02-06T20:01:29","modified_gmt":"2025-02-06T20:01:29","slug":"hola","status":"publish","type":"page","link":"https:\/\/albertocaneda.com\/","title":{"rendered":"Acompa\u00f1ando a personas, instituciones y empresas en el desarrollo de sus proyectos"},"content":{"rendered":"\n<p>Mi nombre es Alberto Caneda y llevo m\u00e1s de 19 a\u00f1os informando, asesorando y acompa\u00f1ando a personas, instituciones y empresas en el desarrollo de sus proyectos.<\/p>\n\n\n\n<p>Identificar un objetivo claro, evaluar las necesidades de nuestros proyectos o trazar un plan de acci\u00f3n para avanzar en nuestra carrera u organizaci\u00f3n, son situaciones en las que nos encontramos a menudo y no siempre sabemos qu\u00e9 hacer.<\/p>\n\n\n\n<p>Si crees que te puedo ser de ayuda, ponte en contacto conmigo.<\/p>\n\n\n\n<p><\/p>\n","protected":false},"excerpt":{"rendered":"<p>Mi nombre es Alberto Caneda y llevo m\u00e1s de 19 a\u00f1os informando, asesorando y acompa\u00f1ando a personas, instituciones y empresas en el desarrollo de sus proyectos. Identificar un objetivo claro, evaluar las necesidades de nuestros proyectos o trazar un plan de acci\u00f3n para avanzar en nuestra carrera u organizaci\u00f3n, son situaciones en las que nos [&hellip;]<\/p>\n","protected":false},"author":1,"featured_media":95,"parent":0,"menu_order":1,"comment_status":"closed","ping_status":"closed","template":"templates\/template-cover.php","meta":{"footnotes":""},"class_list":["post-34","page","type-page","status-publish","has-post-thumbnail","hentry"],"_links":{"self":[{"href":"https:\/\/albertocaneda.com\/index.php\/wp-json\/wp\/v2\/pages\/34","targetHints":{"allow":["GET"]}}],"collection":[{"href":"https:\/\/albertocaneda.com\/index.php\/wp-json\/wp\/v2\/pages"}],"about":[{"href":"https:\/\/albertocaneda.com\/index.php\/wp-json\/wp\/v2\/types\/page"}],"author":[{"embeddable":true,"href":"https:\/\/albertocaneda.com\/index.php\/wp-json\/wp\/v2\/users\/1"}],"replies":[{"embeddable":true,"href":"https:\/\/albertocaneda.com\/index.php\/wp-json\/wp\/v2\/comments?post=34"}],"version-history":[{"count":12,"href":"https:\/\/albertocaneda.com\/index.php\/wp-json\/wp\/v2\/pages\/34\/revisions"}],"predecessor-version":[{"id":136,"href":"https:\/\/albertocaneda.com\/index.php\/wp-json\/wp\/v2\/pages\/34\/revisions\/136"}],"wp:featuredmedia":[{"embeddable":true,"href":"https:\/\/albertocaneda.com\/index.php\/wp-json\/wp\/v2\/media\/95"}],"wp:attachment":[{"href":"https:\/\/albertocaneda.com\/index.php\/wp-json\/wp\/v2\/media?parent=34"}],"curies":[{"name":"wp","href":"https:\/\/api.w.org\/{rel}","templated":true}]}}