{"id":18,"date":"2022-10-10T17:02:31","date_gmt":"2022-10-10T17:02:31","guid":{"rendered":"http:\/\/albertocaneda.com\/?page_id=18"},"modified":"2023-04-29T18:04:00","modified_gmt":"2023-04-29T18:04:00","slug":"acerca-de","status":"publish","type":"page","link":"https:\/\/albertocaneda.com\/index.php\/acerca-de\/","title":{"rendered":"Acerca de"},"content":{"rendered":"\n<p>Mi nombre es Alberto Caneda y llevo m\u00e1s de 18 a\u00f1os informando, asesorando, y acompa\u00f1ando a personas, instituciones y empresas en el desarrollo de sus proyectos.<\/p>\n","protected":false},"excerpt":{"rendered":"<p>Mi nombre es Alberto Caneda y llevo m\u00e1s de 18 a\u00f1os informando, asesorando, y acompa\u00f1ando a personas, instituciones y empresas en el desarrollo de sus proyectos.<\/p>\n","protected":false},"author":1,"featured_media":0,"parent":0,"menu_order":0,"comment_status":"closed","ping_status":"closed","template":"","meta":{"footnotes":""},"class_list":["post-18","page","type-page","status-publish","hentry"],"_links":{"self":[{"href":"https:\/\/albertocaneda.com\/index.php\/wp-json\/wp\/v2\/pages\/18","targetHints":{"allow":["GET"]}}],"collection":[{"href":"https:\/\/albertocaneda.com\/index.php\/wp-json\/wp\/v2\/pages"}],"about":[{"href":"https:\/\/albertocaneda.com\/index.php\/wp-json\/wp\/v2\/types\/page"}],"author":[{"embeddable":true,"href":"https:\/\/albertocaneda.com\/index.php\/wp-json\/wp\/v2\/users\/1"}],"replies":[{"embeddable":true,"href":"https:\/\/albertocaneda.com\/index.php\/wp-json\/wp\/v2\/comments?post=18"}],"version-history":[{"count":4,"href":"https:\/\/albertocaneda.com\/index.php\/wp-json\/wp\/v2\/pages\/18\/revisions"}],"predecessor-version":[{"id":104,"href":"https:\/\/albertocaneda.com\/index.php\/wp-json\/wp\/v2\/pages\/18\/revisions\/104"}],"wp:attachment":[{"href":"https:\/\/albertocaneda.com\/index.php\/wp-json\/wp\/v2\/media?parent=18"}],"curies":[{"name":"wp","href":"https:\/\/api.w.org\/{rel}","templated":true}]}}